{"id":132,"date":"2021-08-11T13:20:19","date_gmt":"2021-08-11T13:20:19","guid":{"rendered":"http:\/\/level76.pl\/?page_id=132"},"modified":"2021-08-11T14:37:33","modified_gmt":"2021-08-11T14:37:33","slug":"skan-technologiczny","status":"publish","type":"page","link":"https:\/\/level76.pl\/index.php\/skan-technologiczny\/","title":{"rendered":"Skan technologiczny"},"content":{"rendered":"\n<p><strong>Obecn\u0105 sytuacj\u0119 danej firmy okre\u015blamy poprzez przeprowadzenie ankiety, kt\u00f3ra jest rodzajem skanu technologicznego danej organizacji i daje odpowied\u017a na g\u0142\u00f3wne kryteria kwalifikacji metodologii ADMA:<\/strong><\/p>\n\n\n\n<ul class=\"wp-block-list\"><li>czy podstawy Lean Management s\u0105 stosowane w organizacji? Je\u017celi tak to w jakim stopniu?<\/li><li>czy osoby zarz\u0105dzaj\u0105ce wykazuj\u0105 innowacyjny spos\u00f3b my\u015blenia i zrz\u0105dzania?<\/li><li>czy i w jakim stopniu organizacja realizuje innowacje?<\/li><li>wska\u017ce czy osoby zarz\u0105dzaj\u0105ce s\u0105 zaanga\u017cowane w rozw\u00f3j organizacji?<\/li><li>zmiana sposobu produkcji, przej\u015bcie na mniejsze partie pod zlecenia klient\u00f3w.<\/li><\/ul>\n\n\n\n<p><strong>Raport jest podstaw\u0105 do opracowania mapy drogowej i planu transformacji.<\/strong><\/p>\n","protected":false},"excerpt":{"rendered":"<p>Obecn\u0105 sytuacj\u0119 danej firmy okre\u015blamy poprzez przeprowadzenie ankiety, kt\u00f3ra jest rodzajem skanu technologicznego danej organizacji i daje odpowied\u017a na g\u0142\u00f3wne kryteria kwalifikacji metodologii ADMA: czy podstawy Lean Management s\u0105 stosowane w organizacji? Je\u017celi tak to w jakim stopniu? czy osoby zarz\u0105dzaj\u0105ce wykazuj\u0105 innowacyjny spos\u00f3b my\u015blenia i zrz\u0105dzania? czy i w jakim stopniu organizacja realizuje innowacje? &hellip; <\/p>\n<p class=\"link-more\"><a href=\"https:\/\/level76.pl\/index.php\/skan-technologiczny\/\" class=\"more-link\">Czytaj dalej<span class=\"screen-reader-text\"> \u201eSkan technologiczny\u201d<\/span><\/a><\/p>\n","protected":false},"author":1,"featured_media":0,"parent":0,"menu_order":0,"comment_status":"closed","ping_status":"closed","template":"","meta":{"footnotes":""},"class_list":["post-132","page","type-page","status-publish","hentry"],"_links":{"self":[{"href":"https:\/\/level76.pl\/index.php\/wp-json\/wp\/v2\/pages\/132","targetHints":{"allow":["GET"]}}],"collection":[{"href":"https:\/\/level76.pl\/index.php\/wp-json\/wp\/v2\/pages"}],"about":[{"href":"https:\/\/level76.pl\/index.php\/wp-json\/wp\/v2\/types\/page"}],"author":[{"embeddable":true,"href":"https:\/\/level76.pl\/index.php\/wp-json\/wp\/v2\/users\/1"}],"replies":[{"embeddable":true,"href":"https:\/\/level76.pl\/index.php\/wp-json\/wp\/v2\/comments?post=132"}],"version-history":[{"count":2,"href":"https:\/\/level76.pl\/index.php\/wp-json\/wp\/v2\/pages\/132\/revisions"}],"predecessor-version":[{"id":154,"href":"https:\/\/level76.pl\/index.php\/wp-json\/wp\/v2\/pages\/132\/revisions\/154"}],"wp:attachment":[{"href":"https:\/\/level76.pl\/index.php\/wp-json\/wp\/v2\/media?parent=132"}],"curies":[{"name":"wp","href":"https:\/\/api.w.org\/{rel}","templated":true}]}}