{"id":134,"date":"2021-08-11T13:20:19","date_gmt":"2021-08-11T13:20:19","guid":{"rendered":"http:\/\/level76.pl\/?page_id=134"},"modified":"2021-08-11T14:38:25","modified_gmt":"2021-08-11T14:38:25","slug":"plan-transformacji","status":"publish","type":"page","link":"https:\/\/level76.pl\/index.php\/plan-transformacji\/","title":{"rendered":"Plan transformacji"},"content":{"rendered":"\n<p>Mapa droga wska\u017ce <strong>Plan Transformacji<\/strong>, tzn. konkretne kroki rekomendacyjne, jakie powinno podj\u0105\u0107 przedsi\u0119biorstwo, \u017ceby sta\u0107 si\u0119 cyfrow\u0105 fabryk\u0105.<\/p>\n\n\n\n<p>Celem ka\u017cdego przedsi\u0119biorstwa jest osi\u0105gni\u0119cie jak najwi\u0119kszego zysku, zwi\u0119kszenie obrot\u00f3w posiadanie przewagi nad konkurencj\u0105.<\/p>\n\n\n\n<p>Dobrze zaplanowana transformacja cyfrowa pozwoli na tak\u0105 zmian\u0119 proces\u00f3w wewn\u0105trz firmy, takie zaplanowanie dzia\u0142a\u0144, odpowiednie wykorzystanie narz\u0119dzi\/system\u00f3w, kt\u00f3re pomog\u0105 w osi\u0105gni\u0119ciu tego celu.<\/p>\n\n\n\n<p>Plan transformacji przedstawi konkretne kierunki wdro\u017cenia zmian w Twojej firmie.<\/p>\n","protected":false},"excerpt":{"rendered":"<p>Mapa droga wska\u017ce Plan Transformacji, tzn. konkretne kroki rekomendacyjne, jakie powinno podj\u0105\u0107 przedsi\u0119biorstwo, \u017ceby sta\u0107 si\u0119 cyfrow\u0105 fabryk\u0105. Celem ka\u017cdego przedsi\u0119biorstwa jest osi\u0105gni\u0119cie jak najwi\u0119kszego zysku, zwi\u0119kszenie obrot\u00f3w posiadanie przewagi nad konkurencj\u0105. Dobrze zaplanowana transformacja cyfrowa pozwoli na tak\u0105 zmian\u0119 proces\u00f3w wewn\u0105trz firmy, takie zaplanowanie dzia\u0142a\u0144, odpowiednie wykorzystanie narz\u0119dzi\/system\u00f3w, kt\u00f3re pomog\u0105 w osi\u0105gni\u0119ciu tego celu. &hellip; <\/p>\n<p class=\"link-more\"><a href=\"https:\/\/level76.pl\/index.php\/plan-transformacji\/\" class=\"more-link\">Czytaj dalej<span class=\"screen-reader-text\"> \u201ePlan transformacji\u201d<\/span><\/a><\/p>\n","protected":false},"author":1,"featured_media":0,"parent":0,"menu_order":0,"comment_status":"closed","ping_status":"closed","template":"","meta":{"footnotes":""},"class_list":["post-134","page","type-page","status-publish","hentry"],"_links":{"self":[{"href":"https:\/\/level76.pl\/index.php\/wp-json\/wp\/v2\/pages\/134","targetHints":{"allow":["GET"]}}],"collection":[{"href":"https:\/\/level76.pl\/index.php\/wp-json\/wp\/v2\/pages"}],"about":[{"href":"https:\/\/level76.pl\/index.php\/wp-json\/wp\/v2\/types\/page"}],"author":[{"embeddable":true,"href":"https:\/\/level76.pl\/index.php\/wp-json\/wp\/v2\/users\/1"}],"replies":[{"embeddable":true,"href":"https:\/\/level76.pl\/index.php\/wp-json\/wp\/v2\/comments?post=134"}],"version-history":[{"count":2,"href":"https:\/\/level76.pl\/index.php\/wp-json\/wp\/v2\/pages\/134\/revisions"}],"predecessor-version":[{"id":156,"href":"https:\/\/level76.pl\/index.php\/wp-json\/wp\/v2\/pages\/134\/revisions\/156"}],"wp:attachment":[{"href":"https:\/\/level76.pl\/index.php\/wp-json\/wp\/v2\/media?parent=134"}],"curies":[{"name":"wp","href":"https:\/\/api.w.org\/{rel}","templated":true}]}}