{"id":142,"date":"2021-08-11T13:22:45","date_gmt":"2021-08-11T13:22:45","guid":{"rendered":"http:\/\/level76.pl\/?page_id=142"},"modified":"2022-02-04T13:24:32","modified_gmt":"2022-02-04T13:24:32","slug":"kontakt","status":"publish","type":"page","link":"https:\/\/level76.pl\/index.php\/kontakt\/","title":{"rendered":"Kontakt"},"content":{"rendered":"\n<p>Eksperci z level76 pomog\u0105 Pa\u0144stwu w ca\u0142ym procesie pocz\u0105wszy od diagnozy (ADMA), poprzez wyb\u00f3r obszar\u00f3w cyfryzacji (Mapa Drogowa), rekomendacje (Plan Transformacji),&nbsp; analiz\u0119 rynku i wyb\u00f3r narz\u0119dzi\/system\u00f3w (Plan Implementacji) a\u017c po pomoc we wdro\u017ceniu.<\/p>\n\n\n\n<p><strong>Level76<\/strong><\/p>\n\n\n\n<p>ul. Piotra Tr\u0119bacza 18B<br>31-436 Krak\u00f3w,<br>tel. +48 537 824 400, +48 663 733 103<\/p>\n\n\n<p>mail: <a href=\"mailto:biuro@level76.pl\">biuro@level76.pl<\/a><\/p>\n\n\n<div class=\"wp-block-buttons is-layout-flex wp-block-buttons-is-layout-flex\">\n<div class=\"wp-block-button\"><a class=\"wp-block-button__link\" href=\"mailto:kontat@cfi.pl\" target=\"_blank\" rel=\"noreferrer noopener\">Napisz do nas. Oddzwonimy!<\/a><\/div>\n<\/div>\n\n\n\n<p><\/p>\n","protected":false},"excerpt":{"rendered":"<p>Eksperci z level76 pomog\u0105 Pa\u0144stwu w ca\u0142ym procesie pocz\u0105wszy od diagnozy (ADMA), poprzez wyb\u00f3r obszar\u00f3w cyfryzacji (Mapa Drogowa), rekomendacje (Plan Transformacji),&nbsp; analiz\u0119 rynku i wyb\u00f3r narz\u0119dzi\/system\u00f3w (Plan Implementacji) a\u017c po pomoc we wdro\u017ceniu. Level76 ul. Piotra Tr\u0119bacza 18B31-436 Krak\u00f3w,tel. +48 537 824 400, +48 663 733 103 mail: biuro@level76.pl<\/p>\n","protected":false},"author":1,"featured_media":0,"parent":0,"menu_order":0,"comment_status":"closed","ping_status":"closed","template":"","meta":{"footnotes":""},"class_list":["post-142","page","type-page","status-publish","hentry"],"_links":{"self":[{"href":"https:\/\/level76.pl\/index.php\/wp-json\/wp\/v2\/pages\/142","targetHints":{"allow":["GET"]}}],"collection":[{"href":"https:\/\/level76.pl\/index.php\/wp-json\/wp\/v2\/pages"}],"about":[{"href":"https:\/\/level76.pl\/index.php\/wp-json\/wp\/v2\/types\/page"}],"author":[{"embeddable":true,"href":"https:\/\/level76.pl\/index.php\/wp-json\/wp\/v2\/users\/1"}],"replies":[{"embeddable":true,"href":"https:\/\/level76.pl\/index.php\/wp-json\/wp\/v2\/comments?post=142"}],"version-history":[{"count":4,"href":"https:\/\/level76.pl\/index.php\/wp-json\/wp\/v2\/pages\/142\/revisions"}],"predecessor-version":[{"id":250,"href":"https:\/\/level76.pl\/index.php\/wp-json\/wp\/v2\/pages\/142\/revisions\/250"}],"wp:attachment":[{"href":"https:\/\/level76.pl\/index.php\/wp-json\/wp\/v2\/media?parent=142"}],"curies":[{"name":"wp","href":"https:\/\/api.w.org\/{rel}","templated":true}]}}