{"id":196,"date":"2021-08-11T16:48:13","date_gmt":"2021-08-11T16:48:13","guid":{"rendered":"http:\/\/level76.pl\/?page_id=196"},"modified":"2021-08-11T16:48:13","modified_gmt":"2021-08-11T16:48:13","slug":"metodologia","status":"publish","type":"page","link":"https:\/\/level76.pl\/index.php\/metodologia\/","title":{"rendered":"Metodologia"},"content":{"rendered":"\n<p><strong>Metodologia 7 transformacji do Fabryk Przysz\u0142o\u015bci<\/strong> zosta\u0142a opracowana przez zesp\u00f3\u0142 ekspert\u00f3w w ramach projektu Komisji Europejskiej \u2013 Advanced Manufacturing (ADMA) support for Small and Medium Enterprises (<a href=\"http:\/\/www.adma.ec\">www.adma.ec<\/a>) i stosowana przy badaniu dojrza\u0142o\u015bci cyfrowej przedsi\u0119biorstw.<\/p>\n\n\n\n<p>Fabryka przysz\u0142o\u015bci jest definiowana jako fabryka zorientowana na przysz\u0142o\u015b\u0107, kt\u00f3ra wykorzystuje w pe\u0142nym stopniu szanse definiowane przez strategi\u0119 Przemys\u0142u 4.0. W ramach projektu wyodr\u0119bniono 7 transformacji wraz z metodologi\u0105 oceny dojrza\u0142o\u015bci fabryki oraz metodologi\u0105 budowy strategii transformacji fabryk.<\/p>\n\n\n\n<p><strong>Ka\u017cdy z element\u00f3w transformacji jest r\u00f3wnowa\u017cny i niezb\u0119dny w realizacji w celu skutecznego przekszta\u0142cenia si\u0119 w nowoczesn\u0105 fabryk\u0119 zgodn\u0105 z duchem idei Przemys\u0142u 4.0.<\/strong><\/p>\n\n\n\n<figure class=\"wp-block-image size-large\"><img loading=\"lazy\" decoding=\"async\" width=\"1024\" height=\"642\" src=\"http:\/\/level76.pl\/wp-content\/uploads\/2021\/07\/level76_schemat-kopia-1-1024x642.jpg\" alt=\"\" class=\"wp-image-100\" srcset=\"https:\/\/level76.pl\/wp-content\/uploads\/2021\/07\/level76_schemat-kopia-1-1024x642.jpg 1024w, https:\/\/level76.pl\/wp-content\/uploads\/2021\/07\/level76_schemat-kopia-1-300x188.jpg 300w, https:\/\/level76.pl\/wp-content\/uploads\/2021\/07\/level76_schemat-kopia-1-768x481.jpg 768w, https:\/\/level76.pl\/wp-content\/uploads\/2021\/07\/level76_schemat-kopia-1-1536x963.jpg 1536w, https:\/\/level76.pl\/wp-content\/uploads\/2021\/07\/level76_schemat-kopia-1-2048x1284.jpg 2048w, https:\/\/level76.pl\/wp-content\/uploads\/2021\/07\/level76_schemat-kopia-1-1568x983.jpg 1568w\" sizes=\"auto, (max-width: 706px) 89vw, (max-width: 767px) 82vw, 740px\" \/><\/figure>\n\n\n\n<p><strong>Wszystkie transformacje s\u0105 tak samo wa\u017cne i daj\u0105 realne wskaz\u00f3w do osi\u0105gni\u0119cia zak\u0142adanego celu jakim jest fabryka w duchu Przemys\u0142u 4.0.<\/strong><\/p>\n\n\n\n<p>Przemys\u0142 4.0 to ekosystem wykorzystuj\u0105cy nowoczesne technologie w celu poprawy efektywno\u015bci proces\u00f3w produkcyjnych, \u0142a\u0144cucha dostaw, \u0142a\u0144cucha warto\u015bci oraz pozosta\u0142ych element\u00f3w koniecznych do dzia\u0142ania przedsi\u0119biorstwa.<\/p>\n","protected":false},"excerpt":{"rendered":"<p>Metodologia 7 transformacji do Fabryk Przysz\u0142o\u015bci zosta\u0142a opracowana przez zesp\u00f3\u0142 ekspert\u00f3w w ramach projektu Komisji Europejskiej \u2013 Advanced Manufacturing (ADMA) support for Small and Medium Enterprises (www.adma.ec) i stosowana przy badaniu dojrza\u0142o\u015bci cyfrowej przedsi\u0119biorstw. Fabryka przysz\u0142o\u015bci jest definiowana jako fabryka zorientowana na przysz\u0142o\u015b\u0107, kt\u00f3ra wykorzystuje w pe\u0142nym stopniu szanse definiowane przez strategi\u0119 Przemys\u0142u 4.0. W &hellip; <\/p>\n<p class=\"link-more\"><a href=\"https:\/\/level76.pl\/index.php\/metodologia\/\" class=\"more-link\">Czytaj dalej<span class=\"screen-reader-text\"> \u201eMetodologia\u201d<\/span><\/a><\/p>\n","protected":false},"author":1,"featured_media":0,"parent":0,"menu_order":0,"comment_status":"closed","ping_status":"closed","template":"","meta":{"footnotes":""},"class_list":["post-196","page","type-page","status-publish","hentry"],"_links":{"self":[{"href":"https:\/\/level76.pl\/index.php\/wp-json\/wp\/v2\/pages\/196","targetHints":{"allow":["GET"]}}],"collection":[{"href":"https:\/\/level76.pl\/index.php\/wp-json\/wp\/v2\/pages"}],"about":[{"href":"https:\/\/level76.pl\/index.php\/wp-json\/wp\/v2\/types\/page"}],"author":[{"embeddable":true,"href":"https:\/\/level76.pl\/index.php\/wp-json\/wp\/v2\/users\/1"}],"replies":[{"embeddable":true,"href":"https:\/\/level76.pl\/index.php\/wp-json\/wp\/v2\/comments?post=196"}],"version-history":[{"count":1,"href":"https:\/\/level76.pl\/index.php\/wp-json\/wp\/v2\/pages\/196\/revisions"}],"predecessor-version":[{"id":198,"href":"https:\/\/level76.pl\/index.php\/wp-json\/wp\/v2\/pages\/196\/revisions\/198"}],"wp:attachment":[{"href":"https:\/\/level76.pl\/index.php\/wp-json\/wp\/v2\/media?parent=196"}],"curies":[{"name":"wp","href":"https:\/\/api.w.org\/{rel}","templated":true}]}}