{"id":2,"date":"2021-07-15T11:57:01","date_gmt":"2021-07-15T11:57:01","guid":{"rendered":"http:\/\/level76.pl\/?page_id=2"},"modified":"2022-02-04T13:25:52","modified_gmt":"2022-02-04T13:25:52","slug":"strona-glowna","status":"publish","type":"page","link":"https:\/\/level76.pl\/","title":{"rendered":"Level76"},"content":{"rendered":"\n<p><strong>Przemys\u0142 4.0 <\/strong>to ekosystem wykorzystuj\u0105cy nowoczesne technologie w celu poprawy efektywno\u015bci proces\u00f3w produkcyjnych, \u0142a\u0144cucha dostaw, \u0142a\u0144cucha warto\u015bci oraz pozosta\u0142ych element\u00f3w koniecznych do dzia\u0142ania przedsi\u0119biorstwa.<\/p>\n\n\n\n<hr class=\"wp-block-separator aligncenter has-text-color has-background is-style-wide\" style=\"background-color:#909394;color:#909394\"\/>\n\n\n\n<h3 class=\"has-text-align-center wp-block-heading\" id=\"metodologia\"><strong><span style=\"color:#50226b\" class=\"has-inline-color\">METODOLOGIA<\/span><\/strong><\/h3>\n\n\n\n<p><strong>Metodologia 7 transformacji do Fabryk Przysz\u0142o\u015bci<\/strong> zosta\u0142a opracowana przez zesp\u00f3\u0142 ekspert\u00f3w w ramach projektu Komisji Europejskiej \u2013 Advanced Manufacturing (ADMA) support for Small and Medium Enterprises (<a href=\"http:\/\/www.adma.ec\">www.adma.ec<\/a>) i stosowana przy badaniu dojrza\u0142o\u015bci cyfrowej przedsi\u0119biorstw.<\/p>\n\n\n\n<p>Fabryka przysz\u0142o\u015bci jest definiowana jako fabryka zorientowana na przysz\u0142o\u015b\u0107, kt\u00f3ra wykorzystuje w pe\u0142nym stopniu szanse definiowane przez strategi\u0119 Przemys\u0142u 4.0. W ramach projektu wyodr\u0119bniono 7 transformacji wraz z metodologi\u0105 oceny dojrza\u0142o\u015bci fabryki oraz metodologi\u0105 budowy strategii transformacji fabryk.<\/p>\n\n\n\n<p><strong>Ka\u017cdy z element\u00f3w transformacji jest r\u00f3wnowa\u017cny i niezb\u0119dny w realizacji w celu skutecznego przekszta\u0142cenia si\u0119 w nowoczesn\u0105 fabryk\u0119 zgodn\u0105 z duchem idei Przemys\u0142u 4.0.<\/strong><\/p>\n\n\n\n<figure class=\"wp-block-image size-large\"><img loading=\"lazy\" decoding=\"async\" width=\"1024\" height=\"560\" src=\"http:\/\/level76.pl\/wp-content\/uploads\/2021\/08\/7_transformacji-1024x560.png\" alt=\"\" class=\"wp-image-225\" srcset=\"https:\/\/level76.pl\/wp-content\/uploads\/2021\/08\/7_transformacji-1024x560.png 1024w, https:\/\/level76.pl\/wp-content\/uploads\/2021\/08\/7_transformacji-300x164.png 300w, https:\/\/level76.pl\/wp-content\/uploads\/2021\/08\/7_transformacji-768x420.png 768w, https:\/\/level76.pl\/wp-content\/uploads\/2021\/08\/7_transformacji-1536x839.png 1536w, https:\/\/level76.pl\/wp-content\/uploads\/2021\/08\/7_transformacji-2048x1119.png 2048w\" sizes=\"auto, (max-width: 706px) 89vw, (max-width: 767px) 82vw, 740px\" \/><\/figure>\n\n\n\n<div class=\"wp-block-buttons is-horizontal is-content-justification-center is-layout-flex wp-container-core-buttons-is-layout-499968f5 wp-block-buttons-is-layout-flex\">\n<div class=\"wp-block-button has-custom-width wp-block-button__width-25 is-style-outline is-style-outline--1\"><a class=\"wp-block-button__link has-text-color\" href=\"http:\/\/level76.pl\/index.php\/metodologia\/\" style=\"color:#50226b\">&gt; Dalej<\/a><\/div>\n<\/div>\n\n\n\n<hr class=\"wp-block-separator aligncenter has-text-color has-background is-style-wide\" style=\"background-color:#909394;color:#909394\"\/>\n\n\n\n<h3 class=\"has-text-align-center wp-block-heading\" id=\"7-kluczowych-transformacji\"><strong><span style=\"color:#50226b\" class=\"has-inline-color\">7 KLUCZOWYCH TRANSFORMACJI<\/span><\/strong><\/h3>\n\n\n\n<p>Fabryka przysz\u0142o\u015bci jest definiowana jako fabryka zorientowana na przysz\u0142o\u015b\u0107, kt\u00f3ra wykorzystuje w pe\u0142nym stopniu szanse definiowane przez strategi\u0119 Przemys\u0142u 4.0. W ramach projektu wyodr\u0119bniono 7 transformacji wraz z metodologi\u0105 oceny dojrza\u0142o\u015bci fabryki oraz metodologi\u0105 budowy strategii transformacji fabryk.<\/p>\n\n\n\n<figure class=\"wp-block-image size-large\"><img loading=\"lazy\" decoding=\"async\" width=\"1000\" height=\"419\" src=\"http:\/\/level76.pl\/wp-content\/uploads\/2021\/08\/Twszystkie.png\" alt=\"\" class=\"wp-image-245\" srcset=\"https:\/\/level76.pl\/wp-content\/uploads\/2021\/08\/Twszystkie.png 1000w, https:\/\/level76.pl\/wp-content\/uploads\/2021\/08\/Twszystkie-300x126.png 300w, https:\/\/level76.pl\/wp-content\/uploads\/2021\/08\/Twszystkie-768x322.png 768w\" sizes=\"auto, (max-width: 706px) 89vw, (max-width: 767px) 82vw, 740px\" \/><\/figure>\n\n\n\n<div class=\"wp-block-buttons is-horizontal is-content-justification-center is-layout-flex wp-container-core-buttons-is-layout-499968f5 wp-block-buttons-is-layout-flex\">\n<div class=\"wp-block-button has-custom-width wp-block-button__width-25 is-style-outline is-style-outline--2\"><a class=\"wp-block-button__link has-text-color\" href=\"http:\/\/level76.pl\/index.php\/7-kluczowych-transformacji\/\" style=\"color:#50226b\">&gt; Dalej<\/a><\/div>\n<\/div>\n\n\n\n<hr class=\"wp-block-separator aligncenter has-text-color has-background is-style-wide\" style=\"background-color:#909394;color:#909394\"\/>\n\n\n\n<h3 class=\"has-text-align-center wp-block-heading\" id=\"skan-technologiczny\"><strong><span style=\"color:#50226b\" class=\"has-inline-color\">SKAN TECHNOLOGICZNY<\/span><\/strong><\/h3>\n\n\n\n<p>Obecn\u0105 sytuacj\u0119 danej firmy okre\u015blamy poprzez przeprowadzenie ankiety, kt\u00f3ra jest rodzajem skanu technologicznego danej organizacji i daje odpowied\u017a na g\u0142\u00f3wne kryteria kwalifikacji metodologii ADMA.<\/p>\n\n\n\n<div class=\"wp-block-buttons is-horizontal is-content-justification-center is-layout-flex wp-container-core-buttons-is-layout-499968f5 wp-block-buttons-is-layout-flex\">\n<div class=\"wp-block-button has-custom-width wp-block-button__width-25 is-style-outline is-style-outline--3\"><a class=\"wp-block-button__link has-text-color\" href=\"http:\/\/level76.pl\/index.php\/skan-technologiczny\/\" style=\"color:#50226b\">&gt; Dalej<\/a><\/div>\n<\/div>\n\n\n\n<hr class=\"wp-block-separator aligncenter has-text-color has-background is-style-wide\" style=\"background-color:#909394;color:#909394\"\/>\n\n\n\n<h3 class=\"has-text-align-center wp-block-heading\" id=\"mapa-drogowa\"><strong><span style=\"color:#50226b\" class=\"has-inline-color\">MAPA DROGOWA<\/span><\/strong><\/h3>\n\n\n\n<p>Po badaniu przygotowujemy map\u0119 drogow\u0105, kt\u00f3ra jest jednym z kluczowych element\u00f3w&nbsp; dojrza\u0142o\u015bci procesowej firmy.<\/p>\n\n\n\n<div class=\"wp-block-buttons is-horizontal is-content-justification-center is-layout-flex wp-container-core-buttons-is-layout-499968f5 wp-block-buttons-is-layout-flex\">\n<div class=\"wp-block-button has-custom-width wp-block-button__width-25 is-style-outline is-style-outline--4\"><a class=\"wp-block-button__link has-text-color\" href=\"http:\/\/level76.pl\/index.php\/mapa-drogowa\/\" style=\"color:#50226b\">&gt; Dalej<\/a><\/div>\n<\/div>\n\n\n\n<hr class=\"wp-block-separator aligncenter has-text-color has-background is-style-wide\" style=\"background-color:#909394;color:#909394\"\/>\n\n\n\n<h3 class=\"has-text-align-center wp-block-heading\" id=\"plan-transformacji\"><strong><span style=\"color:#50226b\" class=\"has-inline-color\">PLAN TRANSFORMACJI<\/span><\/strong><\/h3>\n\n\n\n<p>Mapa droga wska\u017ce <strong>Plan Transformacji<\/strong>, tzn. konkretne kroki rekomendacyjne, jakie powinno podj\u0105\u0107 przedsi\u0119biorstwo, \u017ceby sta\u0107 si\u0119 cyfrow\u0105 fabryk\u0105.<\/p>\n\n\n\n<p>Plan transformacji przedstawi konkretne kierunki wdro\u017cenia zmian w Twojej firmie.<\/p>\n\n\n\n<div class=\"wp-block-buttons is-horizontal is-content-justification-center is-layout-flex wp-container-core-buttons-is-layout-499968f5 wp-block-buttons-is-layout-flex\">\n<div class=\"wp-block-button has-custom-width wp-block-button__width-25 is-style-outline is-style-outline--5\"><a class=\"wp-block-button__link has-text-color\" href=\"http:\/\/level76.pl\/index.php\/plan-transformacji\/\" style=\"color:#50226b\">&gt; Dalej<\/a><\/div>\n<\/div>\n\n\n\n<hr class=\"wp-block-separator aligncenter has-text-color has-background is-style-wide\" style=\"background-color:#909394;color:#909394\"\/>\n\n\n\n<h3 class=\"has-text-align-center wp-block-heading\" id=\"kontakt\"><strong><span style=\"color:#50226b\" class=\"has-inline-color\">KONTAKT<\/span><\/strong><\/h3>\n\n\n\n<p class=\"has-text-align-center\"><strong>Level76<\/strong><\/p>\n\n\n<p style=\"text-align: center;\">mail: <a href=\"mailto:biuro@level76.pl\">biuro@level76.pl<\/a><\/p>\n\n\n<p class=\"has-text-align-center\">ul. Piotra Tr\u0119bacza 18B<br>31-436 Krak\u00f3w,<br>tel. +48 537 824 400, +48 663 733 103<\/p>\n\n\n\n<hr class=\"wp-block-separator aligncenter has-text-color has-background is-style-wide\" style=\"background-color:#909394;color:#909394\"\/>\n","protected":false},"excerpt":{"rendered":"<p>Przemys\u0142 4.0 to ekosystem wykorzystuj\u0105cy nowoczesne technologie w celu poprawy efektywno\u015bci proces\u00f3w produkcyjnych, \u0142a\u0144cucha dostaw, \u0142a\u0144cucha warto\u015bci oraz pozosta\u0142ych element\u00f3w koniecznych do dzia\u0142ania przedsi\u0119biorstwa. METODOLOGIA Metodologia 7 transformacji do Fabryk Przysz\u0142o\u015bci zosta\u0142a opracowana przez zesp\u00f3\u0142 ekspert\u00f3w w ramach projektu Komisji Europejskiej \u2013 Advanced Manufacturing (ADMA) support for Small and Medium Enterprises (www.adma.ec) i stosowana przy &hellip; <\/p>\n<p class=\"link-more\"><a href=\"https:\/\/level76.pl\/\" class=\"more-link\">Czytaj dalej<span class=\"screen-reader-text\"> \u201eLevel76\u201d<\/span><\/a><\/p>\n","protected":false},"author":1,"featured_media":0,"parent":0,"menu_order":0,"comment_status":"closed","ping_status":"closed","template":"","meta":{"footnotes":""},"class_list":["post-2","page","type-page","status-publish","hentry"],"_links":{"self":[{"href":"https:\/\/level76.pl\/index.php\/wp-json\/wp\/v2\/pages\/2","targetHints":{"allow":["GET"]}}],"collection":[{"href":"https:\/\/level76.pl\/index.php\/wp-json\/wp\/v2\/pages"}],"about":[{"href":"https:\/\/level76.pl\/index.php\/wp-json\/wp\/v2\/types\/page"}],"author":[{"embeddable":true,"href":"https:\/\/level76.pl\/index.php\/wp-json\/wp\/v2\/users\/1"}],"replies":[{"embeddable":true,"href":"https:\/\/level76.pl\/index.php\/wp-json\/wp\/v2\/comments?post=2"}],"version-history":[{"count":91,"href":"https:\/\/level76.pl\/index.php\/wp-json\/wp\/v2\/pages\/2\/revisions"}],"predecessor-version":[{"id":252,"href":"https:\/\/level76.pl\/index.php\/wp-json\/wp\/v2\/pages\/2\/revisions\/252"}],"wp:attachment":[{"href":"https:\/\/level76.pl\/index.php\/wp-json\/wp\/v2\/media?parent=2"}],"curies":[{"name":"wp","href":"https:\/\/api.w.org\/{rel}","templated":true}]}}